{"id":460,"date":"2025-06-11T16:37:03","date_gmt":"2025-06-11T15:37:03","guid":{"rendered":"https:\/\/dr-solecki-gmbh.solecki.de\/?page_id=460"},"modified":"2025-07-17T14:43:58","modified_gmt":"2025-07-17T13:43:58","slug":"about","status":"publish","type":"page","link":"https:\/\/dr-solecki-gmbh.solecki.de\/deutsch\/about\/","title":{"rendered":"\ud83d\udc64\u00dcber"},"content":{"rendered":"\n<div class=\"wp-block-uagb-container uagb-block-a6be1363 alignfull uagb-is-root-container\"><div class=\"uagb-container__shape uagb-container__shape-bottom uagb-container__shape-flip uagb-container__invert\" data-negative=\"false\"><svg xmlns=\"https:\/\/www.w3.org\/2000\/svg\" viewBox=\"0 0 1000 100\" preserveAspectRatio=\"none\"><path class=\"uagb-container__shape-fill\" d=\"M0,6V0h1000v100L0,6z\"><\/path><\/svg><\/div><div class=\"uagb-container-inner-blocks-wrap\">\n<div class=\"wp-block-uagb-advanced-heading uagb-block-81d18f4d\"><p class=\"uagb-desc-text\">Willkommen<\/p><h1 class=\"uagb-heading-text\">Technische Klarheit durch modellgest\u00fctzte Analyse und strukturierte Umsetzung<\/h1><\/div>\n<\/div><\/div>\n\n\n\n<div class=\"wp-block-uagb-container uagb-block-9dbb18d7 alignfull uagb-is-root-container\"><div class=\"uagb-container-inner-blocks-wrap\">\n<div class=\"wp-block-uagb-advanced-heading uagb-block-1fd5f659\"><p class=\"uagb-desc-text\">\u00dcber uns<\/p><h2 class=\"uagb-heading-text\">Strukturiertes Denken f\u00fcr komplexe technische Systeme<\/h2><\/div>\n\n\n\n<div class=\"wp-block-uagb-container uagb-layout-grid uagb-block-84e20ad5\">\n<div class=\"wp-block-uagb-image alignleft uagb-block-52eed376 wp-block-uagb-image--layout-default wp-block-uagb-image--effect-static wp-block-uagb-image--align-left\"><figure class=\"wp-block-uagb-image__figure\"><img decoding=\"async\" srcset=\"https:\/\/dr-solecki-gmbh.solecki.de\/deutsch\/wp-content\/uploads\/sites\/5\/2025\/04\/a-bearded-man-playing-chess-8438923.jpeg ,https:\/\/dr-solecki-gmbh.solecki.de\/deutsch\/wp-content\/uploads\/sites\/5\/2025\/04\/a-bearded-man-playing-chess-8438923.jpeg 780w, https:\/\/dr-solecki-gmbh.solecki.de\/deutsch\/wp-content\/uploads\/sites\/5\/2025\/04\/a-bearded-man-playing-chess-8438923.jpeg 360w\" sizes=\"auto, (max-width: 480px) 150px\" src=\"https:\/\/dr-solecki-gmbh.solecki.de\/deutsch\/wp-content\/uploads\/sites\/5\/2025\/04\/a-bearded-man-playing-chess-8438923.jpeg\" alt=\"\" class=\"uag-image-361\" width=\"500\" height=\"450\" title=\"who-we-are\" loading=\"lazy\" role=\"img\"\/><\/figure><\/div>\n\n\n\n<div class=\"wp-block-uagb-info-box uagb-block-de5ccef8 uagb-infobox__content-wrap  uagb-infobox-icon-above-title uagb-infobox-image-valign-top wp-block-uagb-info-box--has-margin\"><div class=\"uagb-infobox-margin-wrapper\"><div class=\"uagb-ifb-content\"><div class=\"uagb-ifb-title-wrap\"><p class=\"uagb-ifb-title\">Seit 2002 analysiert die Dr. Solecki GmbH IT-Prozesse in Industrieumgebungen \u2013 mit einem zunehmenden Fokus auf hochkomplexe Systemanforderungen. Wir helfen Unternehmen dabei, technische Anforderungen nachvollziehbar zu strukturieren, regulatorische Vorgaben pr\u00e4zise zu modellieren und Projektziele effizient zu realisieren.<br><br><strong>Technische Struktur durch formalisierte Modelle<\/strong> <br>Wir erfassen komplexe Anforderungen mit Methoden wie UML und formaler Spezifikation \u2013 klar, nachvollziehbar und belastbar. Unsere Entw\u00fcrfe dienen als Grundlage f\u00fcr konsistente Systemarchitekturen, unterst\u00fctzen technische Umsetzung und schaffen dokumentierte Transparenz im Entwicklungsprozess<br><br><strong>Stabilit\u00e4t durch methodische Prozessunterst\u00fctzung<\/strong> <br>Wir begleiten technische Projekte mit systematischer Validierung, modellgest\u00fctzter Pr\u00fcfung und revisionssicherer Dokumentation. Unsere Qualit\u00e4tssicherung schafft nachvollziehbare Abl\u00e4ufe und belastbare Ergebnisse \u2013 auch in komplexen regulatorischen Umgebungen.<br><br><strong>Technologische Umsetzung mit analytischer Tiefe<\/strong> <br>Wir entwickeln komplexe Softwarel\u00f6sungen auf Basis fundierter Systemkenntnisse \u2013 insbesondere bei anspruchsvollen funktionalen und regulatorischen Anforderungen.<br><br>Wir sind zertifiziert nach ISO 9001 und unterst\u00fctzen Unternehmen in regulierten Branchen wie <strong>Medizintechnik<\/strong>, <strong>Automatisierung<\/strong> und <strong>Telekommunikation<\/strong>. Unsere Kunden profitieren von einem strukturierten Engineering-Ansatz \u2013 <strong>klar, belastbar und zukunftssicher<\/strong>.<\/p><\/div><p class=\"uagb-ifb-desc\">.<\/p><\/div><\/div><\/div>\n<\/div>\n<\/div><\/div>\n\n\n\n<div class=\"wp-block-uagb-container uagb-layout-grid uagb-block-80731fa3 alignfull uagb-is-root-container\"><div class=\"uagb-container__shape uagb-container__shape-top uagb-container__shape-flip\"><svg xmlns=\"https:\/\/www.w3.org\/2000\/svg\" viewBox=\"0 0 1000 100\" preserveAspectRatio=\"none\"><path class=\"uagb-container__shape-fill\" d=\"M0,6V0h1000v100L0,6z\"><\/path><\/svg><\/div><div class=\"uagb-container__shape uagb-container__shape-bottom uagb-container__shape-flip uagb-container__invert\" data-negative=\"false\"><svg xmlns=\"https:\/\/www.w3.org\/2000\/svg\" viewBox=\"0 0 1000 100\" preserveAspectRatio=\"none\"><path class=\"uagb-container__shape-fill\" d=\"M0,6V0h1000v100L0,6z\"><\/path><\/svg><\/div><div class=\"uagb-container-inner-blocks-wrap\">\n<div class=\"wp-block-uagb-info-box uagb-block-4184a682 uagb-infobox__content-wrap  uagb-infobox-icon-above-title uagb-infobox-image-valign-top wp-block-uagb-info-box--has-margin\"><div class=\"uagb-infobox-margin-wrapper\"><div class=\"uagb-ifb-content\"><div class=\"uagb-ifb-title-wrap\"><span class=\"uagb-ifb-title-prefix\">Unsere Reise<\/span><h2 class=\"uagb-ifb-title\">Analytische St\u00e4rke und technische Klarheit \u2013 von Beginn an<\/h2><\/div><p class=\"uagb-ifb-desc\">Dr. Solecki GmbH steht f\u00fcr strukturierte Analyse, formalisierte Spezifikation und dokumentierte Umsetzung. Unser Ansatz kombiniert technische Verl\u00e4sslichkeit mit methodischer Exzellenz \u2013 f\u00fcr belastbare Ergebnisse in komplexen Entwicklungsumfeldern.<br><\/p><\/div><\/div><\/div>\n\n\n\n<div class=\"wp-block-uagb-image alignright uagb-block-eb3eeb07 wp-block-uagb-image--layout-default wp-block-uagb-image--effect-static wp-block-uagb-image--align-right\"><figure class=\"wp-block-uagb-image__figure\"><img decoding=\"async\" srcset=\"https:\/\/dr-solecki-gmbh.solecki.de\/deutsch\/wp-content\/uploads\/sites\/5\/2025\/04\/hand-of-a-person-and-a-bionic-hand-6153343.jpeg ,https:\/\/dr-solecki-gmbh.solecki.de\/deutsch\/wp-content\/uploads\/sites\/5\/2025\/04\/hand-of-a-person-and-a-bionic-hand-6153343.jpeg 780w, https:\/\/dr-solecki-gmbh.solecki.de\/deutsch\/wp-content\/uploads\/sites\/5\/2025\/04\/hand-of-a-person-and-a-bionic-hand-6153343.jpeg 360w\" sizes=\"auto, (max-width: 480px) 150px\" src=\"https:\/\/dr-solecki-gmbh.solecki.de\/deutsch\/wp-content\/uploads\/sites\/5\/2025\/04\/hand-of-a-person-and-a-bionic-hand-6153343.jpeg\" alt=\"\" class=\"uag-image-360\" width=\"500\" height=\"450\" title=\"our-story\" loading=\"lazy\" role=\"img\"\/><\/figure><\/div>\n<\/div><\/div>\n\n\n\n<div class=\"wp-block-uagb-container uagb-block-f7d88070 alignfull uagb-is-root-container\"><div class=\"uagb-container-inner-blocks-wrap\">\n<div class=\"wp-block-uagb-advanced-heading uagb-block-87470b0a\"><p class=\"uagb-desc-text\">Unsere Leitprinzipien<\/p><h2 class=\"uagb-heading-text\">Mission und Werte, die wir vertreten<\/h2><\/div>\n\n\n\n<div class=\"wp-block-uagb-container uagb-block-6215ea89\">\n<div class=\"wp-block-uagb-advanced-heading uagb-block-809e447c\"><h3 class=\"uagb-heading-text\">Unsere Mission<\/h3><p class=\"uagb-desc-text\"><strong>Technische Klarheit f\u00fcr zukunftsf\u00e4hige industrielle L\u00f6sungen<\/strong>    <\/p><\/div>\n\n\n\n<p>Wir schaffen verl\u00e4ssliche Grundlagen f\u00fcr komplexe Systeme \u2013 durch modellgest\u00fctzte Analyse, dokumentierte Spezifikation und methodische Umsetzung. Unser strukturierter Ansatz vereint Innovation, Regulatorik und technische Exzellenz.<\/p>\n\n\n\n<div class=\"wp-block-uagb-separator uagb-block-7f2a0cab\"><div class=\"wp-block-uagb-separator__inner\" style=\"--my-background-image:\"><\/div><\/div>\n\n\n\n<div class=\"wp-block-uagb-advanced-heading uagb-block-0cc4a98e\"><h3 class=\"uagb-heading-text\">Unsere Werte<\/h3><p class=\"uagb-desc-text\"><strong>Verl\u00e4sslichkeit, Pr\u00e4zision und analytische Verantwortung<\/strong>   <\/p><\/div>\n\n\n\n<p>Wir handeln methodisch und transparent. Struktur und Qualit\u00e4t pr\u00e4gen jeden Projektschritt. Mit klarer Kommunikation und interdisziplin\u00e4rem Denken erm\u00f6glichen wir robuste, nachvollziehbare und zukunftssichere Ergebnisse.<\/p>\n<\/div>\n<\/div><\/div>\n\n\n\n<div class=\"wp-block-uagb-container uagb-block-df8ee77f alignfull uagb-is-root-container\"><div class=\"uagb-container__shape uagb-container__shape-top uagb-container__shape-flip\"><svg xmlns=\"https:\/\/www.w3.org\/2000\/svg\" viewBox=\"0 0 1000 100\" preserveAspectRatio=\"none\"><path class=\"uagb-container__shape-fill\" d=\"M0,6V0h1000v100L0,6z\"><\/path><\/svg><\/div><div class=\"uagb-container-inner-blocks-wrap\">\n<div class=\"wp-block-uagb-advanced-heading uagb-block-da70d213\"><p class=\"uagb-desc-text\">Lernen Sie unsere Experten kennen<\/p><h2 class=\"uagb-heading-text\">Ein engagiertes Team von Fachleuten<\/h2><\/div>\n\n\n\n<div class=\"wp-block-uagb-container uagb-block-d0e3ffef\">\n<div class=\"wp-block-uagb-container uagb-block-a31af704\">\n<div class=\"wp-block-uagb-info-box uagb-block-2b47405f uagb-infobox__content-wrap  uagb-infobox-icon-above-title uagb-infobox-image-valign-top\"><div class=\"uagb-ifb-content\"><div class=\"uagb-ifb-image-content\"><img decoding=\"async\" src=\"https:\/\/dr-solecki-gmbh.solecki.de\/deutsch\/wp-content\/uploads\/sites\/5\/2025\/04\/Profilfoto-1-150x150.jpg\" alt=\"\" width=\"150\" height=\"150\" loading=\"lazy\"\/><\/div><div class=\"uagb-ifb-title-wrap\"><p class=\"uagb-ifb-title\">Dr. Dieter Solecki<\/p><\/div><p class=\"uagb-ifb-desc\">Eigent\u00fcmer<\/p><\/div><\/div>\n<\/div>\n<\/div>\n<\/div><\/div>\n\n\n\n<div class=\"wp-block-uagb-container uagb-block-6f82293b alignfull uagb-is-root-container\"><div class=\"uagb-container__shape uagb-container__shape-top uagb-container__shape-flip\"><svg xmlns=\"https:\/\/www.w3.org\/2000\/svg\" viewBox=\"0 0 1000 100\" preserveAspectRatio=\"none\"><path class=\"uagb-container__shape-fill\" d=\"M0,6V0h1000v100L0,6z\"><\/path><\/svg><\/div><div class=\"uagb-container-inner-blocks-wrap\">\n<div class=\"wp-block-uagb-info-box uagb-block-2de13869 uagb-infobox__content-wrap  uagb-infobox-icon-above-title uagb-infobox-image-valign-top wp-block-uagb-info-box--has-margin\"><div class=\"uagb-infobox-margin-wrapper\"><div class=\"uagb-ifb-content\"><div class=\"uagb-ifb-title-wrap\"><span class=\"uagb-ifb-title-prefix\">Beginnen Sie noch Heute<\/span><h2 class=\"uagb-ifb-title\">Entdecken Sie mit uns, wie pr\u00e4zise Analyse und intelligente Prozesse Ihre Projektziele schneller Wirklichkeit werden lassen.<\/h2><\/div><p class=\"uagb-ifb-desc\">Kontaktieren Sie uns, um Ihre Projektanforderungen zu besprechen und zu erfahren, wie unsere Expertise Ihr Gesch\u00e4ft voranbringen kann.<\/p><div class=\"uagb-ifb-button-wrapper wp-block-button\"><a href=\"\/contact\/\" class=\"uagb-infobox-cta-link wp-block-button__link\" target=\"_self\" rel=\"noopener noreferrer\" onclick=\"return true;\"><span class=\"uagb-inline-editing\">Erste Schritte<\/span><\/a><\/div><\/div><\/div><\/div>\n<\/div><\/div>\n","protected":false},"excerpt":{"rendered":"<p>Willkommen Technische Klarheit durch modellgest\u00fctzte Analyse und strukturierte Umsetzung \u00dcber uns Strukturiertes Denken f\u00fcr komplexe technische Systeme Unsere Leitprinzipien Mission [&hellip;]<\/p>\n","protected":false},"author":5,"featured_media":0,"parent":0,"menu_order":1,"comment_status":"closed","ping_status":"closed","template":"","meta":{"_uag_custom_page_level_css":"","site-sidebar-layout":"default","site-content-layout":"","ast-site-content-layout":"default","site-content-style":"default","site-sidebar-style":"default","ast-global-header-display":"","ast-banner-title-visibility":"","ast-main-header-display":"","ast-hfb-above-header-display":"","ast-hfb-below-header-display":"","ast-hfb-mobile-header-display":"","site-post-title":"disabled","ast-breadcrumbs-content":"","ast-featured-img":"","footer-sml-layout":"","ast-disable-related-posts":"","theme-transparent-header-meta":"","adv-header-id-meta":"","stick-header-meta":"","header-above-stick-meta":"","header-main-stick-meta":"","header-below-stick-meta":"","astra-migrate-meta-layouts":"default","ast-page-background-enabled":"default","ast-page-background-meta":{"desktop":{"background-color":"var(--ast-global-color-4)","background-image":"","background-repeat":"repeat","background-position":"center center","background-size":"auto","background-attachment":"scroll","background-type":"","background-media":"","overlay-type":"","overlay-color":"","overlay-opacity":"","overlay-gradient":""},"tablet":{"background-color":"","background-image":"","background-repeat":"repeat","background-position":"center center","background-size":"auto","background-attachment":"scroll","background-type":"","background-media":"","overlay-type":"","overlay-color":"","overlay-opacity":"","overlay-gradient":""},"mobile":{"background-color":"","background-image":"","background-repeat":"repeat","background-position":"center center","background-size":"auto","background-attachment":"scroll","background-type":"","background-media":"","overlay-type":"","overlay-color":"","overlay-opacity":"","overlay-gradient":""}},"ast-content-background-meta":{"desktop":{"background-color":"var(--ast-global-color-5)","background-image":"","background-repeat":"repeat","background-position":"center center","background-size":"auto","background-attachment":"scroll","background-type":"","background-media":"","overlay-type":"","overlay-color":"","overlay-opacity":"","overlay-gradient":""},"tablet":{"background-color":"var(--ast-global-color-5)","background-image":"","background-repeat":"repeat","background-position":"center center","background-size":"auto","background-attachment":"scroll","background-type":"","background-media":"","overlay-type":"","overlay-color":"","overlay-opacity":"","overlay-gradient":""},"mobile":{"background-color":"var(--ast-global-color-5)","background-image":"","background-repeat":"repeat","background-position":"center center","background-size":"auto","background-attachment":"scroll","background-type":"","background-media":"","overlay-type":"","overlay-color":"","overlay-opacity":"","overlay-gradient":""}},"footnotes":""},"class_list":["post-460","page","type-page","status-publish","hentry"],"aioseo_notices":[],"uagb_featured_image_src":{"full":false,"thumbnail":false,"medium":false,"medium_large":false,"large":false,"1536x1536":false,"2048x2048":false},"uagb_author_info":{"display_name":"Dieter Solecki","author_link":"https:\/\/dr-solecki-gmbh.solecki.de\/deutsch\/author\/dieter-solecki\/"},"uagb_comment_info":0,"uagb_excerpt":"Willkommen Technische Klarheit durch modellgest\u00fctzte Analyse und strukturierte Umsetzung \u00dcber uns Strukturiertes Denken f\u00fcr komplexe technische Systeme Unsere Leitprinzipien Mission [&hellip;]","_links":{"self":[{"href":"https:\/\/dr-solecki-gmbh.solecki.de\/deutsch\/wp-json\/wp\/v2\/pages\/460","targetHints":{"allow":["GET"]}}],"collection":[{"href":"https:\/\/dr-solecki-gmbh.solecki.de\/deutsch\/wp-json\/wp\/v2\/pages"}],"about":[{"href":"https:\/\/dr-solecki-gmbh.solecki.de\/deutsch\/wp-json\/wp\/v2\/types\/page"}],"author":[{"embeddable":true,"href":"https:\/\/dr-solecki-gmbh.solecki.de\/deutsch\/wp-json\/wp\/v2\/users\/5"}],"replies":[{"embeddable":true,"href":"https:\/\/dr-solecki-gmbh.solecki.de\/deutsch\/wp-json\/wp\/v2\/comments?post=460"}],"version-history":[{"count":12,"href":"https:\/\/dr-solecki-gmbh.solecki.de\/deutsch\/wp-json\/wp\/v2\/pages\/460\/revisions"}],"predecessor-version":[{"id":658,"href":"https:\/\/dr-solecki-gmbh.solecki.de\/deutsch\/wp-json\/wp\/v2\/pages\/460\/revisions\/658"}],"wp:attachment":[{"href":"https:\/\/dr-solecki-gmbh.solecki.de\/deutsch\/wp-json\/wp\/v2\/media?parent=460"}],"curies":[{"name":"wp","href":"https:\/\/api.w.org\/{rel}","templated":true}]}}