{"id":464,"date":"2025-06-11T16:35:47","date_gmt":"2025-06-11T15:35:47","guid":{"rendered":"https:\/\/dr-solecki-gmbh.solecki.de\/?page_id=464"},"modified":"2025-07-13T18:15:16","modified_gmt":"2025-07-13T17:15:16","slug":"legal-notice","status":"publish","type":"page","link":"https:\/\/dr-solecki-gmbh.solecki.de\/deutsch\/legal-notice\/","title":{"rendered":"\ud83d\udcc4Impressum"},"content":{"rendered":"\n<p>Dr. Solecki GmbH<br>Zeismeringer Str. 18<br>D-81477 M\u00fcnchen<\/p>\n\n\n\n<p><strong>Handelsregister:<\/strong> HRB 141776<br><strong>Registergericht:<\/strong> Amtsgericht M\u00fcnchen<\/p>\n\n\n\n<p><strong>Vertreten durch:<\/strong><br>Dr. Dieter Solecki<\/p>\n\n\n\n<h3 class=\"wp-block-heading has-medium-font-size\">\ud83d\udcdeKontakt<\/h3>\n\n\n\n<p>Telefon: +49 (0) 15221976186<br>Fax: +49 (0) 8972484976<br>E-Mail: info@solecki.de<\/p>\n\n\n\n<h3 class=\"wp-block-heading has-medium-font-size\">\ud83d\udcbcUmsatzsteuer-ID<\/h3>\n\n\n\n<p>Umsatzsteuer-Identifikationsnummer gem\u00e4\u00df \u00a7 27 a Umsatzsteuergesetz:<br>DE152962393<\/p>\n\n\n\n<h3 class=\"wp-block-heading has-medium-font-size\" style=\"text-transform:none\">\ud83d\udee1Berufshaftpflichtversicherung<\/h3>\n\n\n\n<p><strong>Versicherer:<\/strong><br>exali GmbH<br>Franz-Kobinger-Str. 9<br>D-86157 Augsburg<\/p>\n\n\n\n<p><strong>Geltungsbereich:<\/strong><br>Deutschland<\/p>\n\n\n\n<h3 class=\"wp-block-heading has-medium-font-size\" style=\"text-transform:none\">\ud83d\udcfaVerantwortlich f\u00fcr den Inhalt gem\u00e4\u00df \u00a7\u202f55 Abs.\u202f2 RStV<\/h3>\n\n\n\n<p>Dr. Dieter Solecki<br>Zeismeringer Str. 18<br>D-81477 M\u00fcnchen<\/p>\n\n\n\n<p class=\"has-medium-font-size\" style=\"text-transform:none\">\ud83d\udd10Datenschutz<\/p>\n\n\n\n<p style=\"text-transform:none\">Informationen zur Datenerhebung, zur Verwendung unseres Kontaktformulars und zu eventuell eingesetzten Analyse-Tools finden Sie in unserer <a href=\"https:\/\/dr-solecki-gmbh.solecki.de\/deutsch\/privacypolicy\/\" title=\"\">Datenschutzerkl\u00e4rung<\/a><\/p>\n\n\n\n<h3 class=\"wp-block-heading has-medium-font-size\" style=\"text-transform:none\">\u2696\ufe0fVerbraucherstreitbeilegung<\/h3>\n\n\n\n<p>Wir sind weder bereit noch verpflichtet, Streitbeilegungsverfahren vor einer Verbraucherschlichtungsstelle durchzuf\u00fchren.<\/p>\n\n\n\n<p>Quelle: <a href=\"https:\/\/www.e-recht24.de\/impressum-generator.html\">https:\/\/www.e-recht24.de\/impressum-generator.html<\/a><\/p>\n\n\n\n<p><\/p>\n","protected":false},"excerpt":{"rendered":"<p>Dr. Solecki GmbHZeismeringer Str. 18D-81477 M\u00fcnchen Handelsregister: HRB 141776Registergericht: Amtsgericht M\u00fcnchen Vertreten durch:Dr. Dieter Solecki \ud83d\udcdeKontakt Telefon: +49 (0) 15221976186Fax: [&hellip;]<\/p>\n","protected":false},"author":5,"featured_media":0,"parent":0,"menu_order":4,"comment_status":"closed","ping_status":"closed","template":"","meta":{"_uag_custom_page_level_css":"","site-sidebar-layout":"default","site-content-layout":"","ast-site-content-layout":"default","site-content-style":"default","site-sidebar-style":"default","ast-global-header-display":"","ast-banner-title-visibility":"","ast-main-header-display":"","ast-hfb-above-header-display":"","ast-hfb-below-header-display":"","ast-hfb-mobile-header-display":"","site-post-title":"","ast-breadcrumbs-content":"","ast-featured-img":"","footer-sml-layout":"","ast-disable-related-posts":"","theme-transparent-header-meta":"","adv-header-id-meta":"","stick-header-meta":"","header-above-stick-meta":"","header-main-stick-meta":"","header-below-stick-meta":"","astra-migrate-meta-layouts":"default","ast-page-background-enabled":"default","ast-page-background-meta":{"desktop":{"background-color":"var(--ast-global-color-4)","background-image":"","background-repeat":"repeat","background-position":"center center","background-size":"auto","background-attachment":"scroll","background-type":"","background-media":"","overlay-type":"","overlay-color":"","overlay-opacity":"","overlay-gradient":""},"tablet":{"background-color":"","background-image":"","background-repeat":"repeat","background-position":"center center","background-size":"auto","background-attachment":"scroll","background-type":"","background-media":"","overlay-type":"","overlay-color":"","overlay-opacity":"","overlay-gradient":""},"mobile":{"background-color":"","background-image":"","background-repeat":"repeat","background-position":"center center","background-size":"auto","background-attachment":"scroll","background-type":"","background-media":"","overlay-type":"","overlay-color":"","overlay-opacity":"","overlay-gradient":""}},"ast-content-background-meta":{"desktop":{"background-color":"var(--ast-global-color-5)","background-image":"","background-repeat":"repeat","background-position":"center center","background-size":"auto","background-attachment":"scroll","background-type":"","background-media":"","overlay-type":"","overlay-color":"","overlay-opacity":"","overlay-gradient":""},"tablet":{"background-color":"var(--ast-global-color-5)","background-image":"","background-repeat":"repeat","background-position":"center center","background-size":"auto","background-attachment":"scroll","background-type":"","background-media":"","overlay-type":"","overlay-color":"","overlay-opacity":"","overlay-gradient":""},"mobile":{"background-color":"var(--ast-global-color-5)","background-image":"","background-repeat":"repeat","background-position":"center center","background-size":"auto","background-attachment":"scroll","background-type":"","background-media":"","overlay-type":"","overlay-color":"","overlay-opacity":"","overlay-gradient":""}},"footnotes":""},"class_list":["post-464","page","type-page","status-publish","hentry"],"aioseo_notices":[],"uagb_featured_image_src":{"full":false,"thumbnail":false,"medium":false,"medium_large":false,"large":false,"1536x1536":false,"2048x2048":false},"uagb_author_info":{"display_name":"Dieter Solecki","author_link":"https:\/\/dr-solecki-gmbh.solecki.de\/deutsch\/author\/dieter-solecki\/"},"uagb_comment_info":0,"uagb_excerpt":"Dr. Solecki GmbHZeismeringer Str. 18D-81477 M\u00fcnchen Handelsregister: HRB 141776Registergericht: Amtsgericht M\u00fcnchen Vertreten durch:Dr. Dieter Solecki \ud83d\udcdeKontakt Telefon: +49 (0) 15221976186Fax: [&hellip;]","_links":{"self":[{"href":"https:\/\/dr-solecki-gmbh.solecki.de\/deutsch\/wp-json\/wp\/v2\/pages\/464","targetHints":{"allow":["GET"]}}],"collection":[{"href":"https:\/\/dr-solecki-gmbh.solecki.de\/deutsch\/wp-json\/wp\/v2\/pages"}],"about":[{"href":"https:\/\/dr-solecki-gmbh.solecki.de\/deutsch\/wp-json\/wp\/v2\/types\/page"}],"author":[{"embeddable":true,"href":"https:\/\/dr-solecki-gmbh.solecki.de\/deutsch\/wp-json\/wp\/v2\/users\/5"}],"replies":[{"embeddable":true,"href":"https:\/\/dr-solecki-gmbh.solecki.de\/deutsch\/wp-json\/wp\/v2\/comments?post=464"}],"version-history":[{"count":6,"href":"https:\/\/dr-solecki-gmbh.solecki.de\/deutsch\/wp-json\/wp\/v2\/pages\/464\/revisions"}],"predecessor-version":[{"id":620,"href":"https:\/\/dr-solecki-gmbh.solecki.de\/deutsch\/wp-json\/wp\/v2\/pages\/464\/revisions\/620"}],"wp:attachment":[{"href":"https:\/\/dr-solecki-gmbh.solecki.de\/deutsch\/wp-json\/wp\/v2\/media?parent=464"}],"curies":[{"name":"wp","href":"https:\/\/api.w.org\/{rel}","templated":true}]}}