{"id":465,"date":"2025-06-11T16:33:28","date_gmt":"2025-06-11T15:33:28","guid":{"rendered":"https:\/\/dr-solecki-gmbh.solecki.de\/?page_id=465"},"modified":"2025-09-14T15:30:21","modified_gmt":"2025-09-14T14:30:21","slug":"services","status":"publish","type":"page","link":"https:\/\/dr-solecki-gmbh.solecki.de\/deutsch\/services\/","title":{"rendered":"\u2699\ufe0fDienstleistungen"},"content":{"rendered":"\n<div class=\"wp-block-uagb-container uagb-block-a6be1363 alignfull uagb-is-root-container\"><div class=\"uagb-container__shape uagb-container__shape-bottom uagb-container__shape-flip uagb-container__invert\" data-negative=\"false\"><svg xmlns=\"https:\/\/www.w3.org\/2000\/svg\" viewBox=\"0 0 1000 100\" preserveAspectRatio=\"none\"><path class=\"uagb-container__shape-fill\" d=\"M0,6V0h1000v100L0,6z\"><\/path><\/svg><\/div><div class=\"uagb-container-inner-blocks-wrap\">\n<div class=\"wp-block-uagb-advanced-heading uagb-block-81d18f4d\"><p class=\"uagb-desc-text\">Unsere Expertise<\/p><h1 class=\"uagb-heading-text\">Strukturiertes Software Engineering f\u00fcr komplexe Industrieprojekte<\/h1><\/div>\n<\/div><\/div>\n\n\n\n<div class=\"wp-block-uagb-container uagb-block-5e795505 alignfull uagb-is-root-container\"><div class=\"uagb-container-inner-blocks-wrap\">\n<div class=\"wp-block-uagb-container uagb-layout-flex uagb-block-072f422e\">\n<div class=\"wp-block-uagb-container uagb-layout-grid uagb-block-207e88ff\">\n<div class=\"wp-block-uagb-advanced-heading uagb-block-f273d26c\"><h2 class=\"uagb-heading-text\">01.<\/h2><\/div>\n\n\n\n<div class=\"wp-block-uagb-advanced-heading uagb-block-d4c852b6\"><h3 class=\"uagb-heading-text\">Anforderungsanalyse<\/h3><p class=\"uagb-desc-text\">Wir erfassen, dokumentieren und validieren technische Anforderungen mittels modellbasierter Methoden \u2013 insbesondere mit UML-Diagrammen und Use Cases. Dies schafft Transparenz und regulatorische Sicherheit in Branchen wie Medizintechnik, Automatisierung und Telekommunikation.<br>\u2705 <strong>Vorteile<\/strong>: Klare Projektdefinition, auditf\u00e4hige Dokumentation, skalierbare Systemarchitektur<\/p><\/div>\n<\/div>\n\n\n\n<div class=\"wp-block-uagb-image alignleft uagb-block-0a5f8551 wp-block-uagb-image--layout-default wp-block-uagb-image--effect-static wp-block-uagb-image--align-left\"><figure class=\"wp-block-uagb-image__figure\"><img decoding=\"async\" srcset=\"https:\/\/dr-solecki-gmbh.solecki.de\/deutsch\/wp-content\/uploads\/sites\/5\/2025\/04\/a-bearded-man-playing-chess-8438923.jpeg ,https:\/\/dr-solecki-gmbh.solecki.de\/deutsch\/wp-content\/uploads\/sites\/5\/2025\/04\/a-bearded-man-playing-chess-8438923.jpeg 780w, https:\/\/dr-solecki-gmbh.solecki.de\/deutsch\/wp-content\/uploads\/sites\/5\/2025\/04\/a-bearded-man-playing-chess-8438923.jpeg 360w\" sizes=\"auto, (max-width: 480px) 150px\" src=\"https:\/\/dr-solecki-gmbh.solecki.de\/deutsch\/wp-content\/uploads\/sites\/5\/2025\/04\/a-bearded-man-playing-chess-8438923.jpeg\" alt=\"\" class=\"uag-image-361\" width=\"500\" height=\"400\" title=\"services-01\" loading=\"lazy\" role=\"img\"\/><\/figure><\/div>\n<\/div>\n\n\n\n<div class=\"wp-block-uagb-container uagb-layout-flex uagb-block-f38d5948\">\n<div class=\"wp-block-uagb-container uagb-layout-grid uagb-block-adcfbba8\">\n<div class=\"wp-block-uagb-advanced-heading uagb-block-b3c9acda\"><h2 class=\"uagb-heading-text\">02.<\/h2><\/div>\n\n\n\n<div class=\"wp-block-uagb-advanced-heading uagb-block-45689c19\"><h3 class=\"uagb-heading-text\">Softwareentwicklung<\/h3><p class=\"uagb-desc-text\">Wir entwickeln Software selektiv und projektbezogen \u2013 immer dann, wenn sie sich logisch aus der Systemanalyse ergibt und technisch sinnvoll ist. Dabei geht es nicht nur um Prototypen: Dr. Solecki GmbH liefert auch voll funktionsf\u00e4hige, einsatzbereite L\u00f6sungen, die direkt in produktive Umgebungen \u00fcberf\u00fchrt werden k\u00f6nnen.<br>Generative KI-Tools kommen gezielt zum Einsatz, wenn sie nachweislich Prozesse optimieren und echten Mehrwert schaffen \u2013 sei es in der Entwicklung, Validierung oder im Betrieb.<br>\u2705 <strong>Vorteile<\/strong>: Technisch fundierte Umsetzung<br>Validierung und Produktreife aus einer Hand<br>KI-gest\u00fctzte Effizienzsteigerung<\/p><\/div>\n<\/div>\n\n\n\n<div class=\"wp-block-uagb-image alignleft uagb-block-c01a27df wp-block-uagb-image--layout-default wp-block-uagb-image--effect-static wp-block-uagb-image--align-left\"><figure class=\"wp-block-uagb-image__figure\"><img decoding=\"async\" srcset=\"https:\/\/dr-solecki-gmbh.solecki.de\/deutsch\/wp-content\/uploads\/sites\/5\/2025\/04\/hand-of-a-person-and-a-bionic-hand-6153343.jpeg ,https:\/\/dr-solecki-gmbh.solecki.de\/deutsch\/wp-content\/uploads\/sites\/5\/2025\/04\/hand-of-a-person-and-a-bionic-hand-6153343.jpeg 780w, https:\/\/dr-solecki-gmbh.solecki.de\/deutsch\/wp-content\/uploads\/sites\/5\/2025\/04\/hand-of-a-person-and-a-bionic-hand-6153343.jpeg 360w\" sizes=\"auto, (max-width: 480px) 150px\" src=\"https:\/\/dr-solecki-gmbh.solecki.de\/deutsch\/wp-content\/uploads\/sites\/5\/2025\/04\/hand-of-a-person-and-a-bionic-hand-6153343.jpeg\" alt=\"\" class=\"uag-image-360\" width=\"500\" height=\"400\" title=\"services-02\" loading=\"lazy\" role=\"img\"\/><\/figure><\/div>\n<\/div>\n\n\n\n<div class=\"wp-block-uagb-container uagb-layout-flex uagb-block-4ee57f3e\">\n<div class=\"wp-block-uagb-container uagb-layout-grid uagb-block-594a8eea\">\n<div class=\"wp-block-uagb-advanced-heading uagb-block-5d6c5941\"><h2 class=\"uagb-heading-text\">03.<\/h2><\/div>\n\n\n\n<div class=\"wp-block-uagb-advanced-heading uagb-block-8d75b0c9\"><h3 class=\"uagb-heading-text\">Automatisierung<\/h3><p class=\"uagb-desc-text\">Wir entwickeln belastbare Automatisierungsl\u00f6sungen f\u00fcr komplexe technische Umgebungen \u2013 von der Softwareentwicklung \u00fcber Prozessautomatisierung bis hin zur Qualit\u00e4tssicherung. Generative KI kommt gezielt zum Einsatz, etwa zur Generierung von Szenarien, zur Mustererkennung oder zur Optimierung wiederkehrender Abl\u00e4ufe.<br>Das Ergebnis: h\u00f6here Geschwindigkeit, bessere Reproduzierbarkeit und verbesserte regulatorische Konformit\u00e4t \u2013 nicht nur im Test, sondern entlang des gesamten Entwicklungs- und Betriebsprozesses.<br>\u2705 <strong>Vorteile<\/strong>: Beschleunigte Release- und Deployment-Zyklen<br>Erh\u00f6hte Zuverl\u00e4ssigkeit und Konsistenz<br>Reduzierter manueller Aufwand in Entwicklung, Test und Betrieb<\/p><\/div>\n<\/div>\n\n\n\n<div class=\"wp-block-uagb-image alignleft uagb-block-72d592a2 wp-block-uagb-image--layout-default wp-block-uagb-image--effect-static wp-block-uagb-image--align-left\"><figure class=\"wp-block-uagb-image__figure\"><img decoding=\"async\" srcset=\"https:\/\/dr-solecki-gmbh.solecki.de\/deutsch\/wp-content\/uploads\/sites\/5\/2025\/04\/graph-on-laptop-screen-3912976.jpeg ,https:\/\/dr-solecki-gmbh.solecki.de\/deutsch\/wp-content\/uploads\/sites\/5\/2025\/04\/graph-on-laptop-screen-3912976.jpeg 780w, https:\/\/dr-solecki-gmbh.solecki.de\/deutsch\/wp-content\/uploads\/sites\/5\/2025\/04\/graph-on-laptop-screen-3912976.jpeg 360w\" sizes=\"auto, (max-width: 480px) 150px\" src=\"https:\/\/dr-solecki-gmbh.solecki.de\/deutsch\/wp-content\/uploads\/sites\/5\/2025\/04\/graph-on-laptop-screen-3912976.jpeg\" alt=\"\" class=\"uag-image-362\" width=\"500\" height=\"400\" title=\"services-03\" loading=\"lazy\" role=\"img\"\/><\/figure><\/div>\n<\/div>\n\n\n\n<div class=\"wp-block-uagb-container uagb-layout-flex uagb-block-5b6aae16\">\n<div class=\"wp-block-uagb-container uagb-layout-grid uagb-block-7fd03271\">\n<div class=\"wp-block-uagb-advanced-heading uagb-block-c28dc3f2\"><h2 class=\"uagb-heading-text\">04.<\/h2><\/div>\n\n\n\n<div class=\"wp-block-uagb-advanced-heading uagb-block-584a0e4a\"><h3 class=\"uagb-heading-text\">Prozessberatung<\/h3><p class=\"uagb-desc-text\">Wir unterst\u00fctzen Entwicklungsteams beim Aufbau strukturierter Prozesse f\u00fcr Analyse, Dokumentation und Validierung. Unser Ziel: transparente Entwicklungsabl\u00e4ufe und nachhaltige Qualit\u00e4tssicherung.<br>\u2705 <strong>Voteile<\/strong>: Effiziente Projektabwicklung, Standardkonformit\u00e4t, zukunftsf\u00e4hige Methodenkompetenz<\/p><\/div>\n<\/div>\n\n\n\n<div class=\"wp-block-uagb-image alignleft uagb-block-b67cef6d wp-block-uagb-image--layout-default wp-block-uagb-image--effect-static wp-block-uagb-image--align-left\"><figure class=\"wp-block-uagb-image__figure\"><img decoding=\"async\" srcset=\"https:\/\/dr-solecki-gmbh.solecki.de\/deutsch\/wp-content\/uploads\/sites\/5\/2025\/04\/a-robot-holding-a-flower-8438980.jpeg ,https:\/\/dr-solecki-gmbh.solecki.de\/deutsch\/wp-content\/uploads\/sites\/5\/2025\/04\/a-robot-holding-a-flower-8438980.jpeg 780w, https:\/\/dr-solecki-gmbh.solecki.de\/deutsch\/wp-content\/uploads\/sites\/5\/2025\/04\/a-robot-holding-a-flower-8438980.jpeg 360w\" sizes=\"auto, (max-width: 480px) 150px\" src=\"https:\/\/dr-solecki-gmbh.solecki.de\/deutsch\/wp-content\/uploads\/sites\/5\/2025\/04\/a-robot-holding-a-flower-8438980.jpeg\" alt=\"\" class=\"uag-image-363\" width=\"500\" height=\"400\" title=\"services-04\" loading=\"lazy\" role=\"img\"\/><\/figure><\/div>\n<\/div>\n<\/div><\/div>\n\n\n\n<div class=\"wp-block-uagb-container uagb-block-6f82293b alignfull uagb-is-root-container\"><div class=\"uagb-container__shape uagb-container__shape-top uagb-container__shape-flip\"><svg xmlns=\"https:\/\/www.w3.org\/2000\/svg\" viewBox=\"0 0 1000 100\" preserveAspectRatio=\"none\"><path class=\"uagb-container__shape-fill\" d=\"M0,6V0h1000v100L0,6z\"><\/path><\/svg><\/div><div class=\"uagb-container-inner-blocks-wrap\">\n<div class=\"wp-block-uagb-info-box uagb-block-2de13869 uagb-infobox__content-wrap  uagb-infobox-icon-above-title uagb-infobox-image-valign-top wp-block-uagb-info-box--has-margin\"><div class=\"uagb-infobox-margin-wrapper\"><div class=\"uagb-ifb-content\"><div class=\"uagb-ifb-title-wrap\"><span class=\"uagb-ifb-title-prefix\">Beginnen Sie noch Heute<\/span><h2 class=\"uagb-ifb-title\">Entdecken Sie mit uns, wie pr\u00e4zise Analyse und intelligente Prozesse Ihre Projektziele schneller Wirklichkeit werden lassen.<\/h2><\/div><p class=\"uagb-ifb-desc\">Kontaktieren Sie uns, um Ihre Projektanforderungen zu besprechen und zu erfahren, wie unsere Expertise Ihr Gesch\u00e4ft voranbringen kann.<\/p><div class=\"uagb-ifb-button-wrapper wp-block-button\"><a href=\"\/contact\/\" class=\"uagb-infobox-cta-link wp-block-button__link\" target=\"_self\" rel=\"noopener noreferrer\" onclick=\"return true;\"><span class=\"uagb-inline-editing\">Erste Schritte<\/span><\/a><\/div><\/div><\/div><\/div>\n<\/div><\/div>\n","protected":false},"excerpt":{"rendered":"<p>Unsere Expertise Strukturiertes Software Engineering f\u00fcr komplexe Industrieprojekte 01. Anforderungsanalyse Wir erfassen, dokumentieren und validieren technische Anforderungen mittels modellbasierter Methoden [&hellip;]<\/p>\n","protected":false},"author":5,"featured_media":0,"parent":0,"menu_order":2,"comment_status":"closed","ping_status":"closed","template":"","meta":{"_uag_custom_page_level_css":"","site-sidebar-layout":"default","site-content-layout":"","ast-site-content-layout":"default","site-content-style":"default","site-sidebar-style":"default","ast-global-header-display":"","ast-banner-title-visibility":"","ast-main-header-display":"","ast-hfb-above-header-display":"","ast-hfb-below-header-display":"","ast-hfb-mobile-header-display":"","site-post-title":"disabled","ast-breadcrumbs-content":"","ast-featured-img":"","footer-sml-layout":"","ast-disable-related-posts":"","theme-transparent-header-meta":"","adv-header-id-meta":"","stick-header-meta":"","header-above-stick-meta":"","header-main-stick-meta":"","header-below-stick-meta":"","astra-migrate-meta-layouts":"default","ast-page-background-enabled":"default","ast-page-background-meta":{"desktop":{"background-color":"var(--ast-global-color-4)","background-image":"","background-repeat":"repeat","background-position":"center center","background-size":"auto","background-attachment":"scroll","background-type":"","background-media":"","overlay-type":"","overlay-color":"","overlay-opacity":"","overlay-gradient":""},"tablet":{"background-color":"","background-image":"","background-repeat":"repeat","background-position":"center center","background-size":"auto","background-attachment":"scroll","background-type":"","background-media":"","overlay-type":"","overlay-color":"","overlay-opacity":"","overlay-gradient":""},"mobile":{"background-color":"","background-image":"","background-repeat":"repeat","background-position":"center center","background-size":"auto","background-attachment":"scroll","background-type":"","background-media":"","overlay-type":"","overlay-color":"","overlay-opacity":"","overlay-gradient":""}},"ast-content-background-meta":{"desktop":{"background-color":"var(--ast-global-color-5)","background-image":"","background-repeat":"repeat","background-position":"center center","background-size":"auto","background-attachment":"scroll","background-type":"","background-media":"","overlay-type":"","overlay-color":"","overlay-opacity":"","overlay-gradient":""},"tablet":{"background-color":"var(--ast-global-color-5)","background-image":"","background-repeat":"repeat","background-position":"center center","background-size":"auto","background-attachment":"scroll","background-type":"","background-media":"","overlay-type":"","overlay-color":"","overlay-opacity":"","overlay-gradient":""},"mobile":{"background-color":"var(--ast-global-color-5)","background-image":"","background-repeat":"repeat","background-position":"center center","background-size":"auto","background-attachment":"scroll","background-type":"","background-media":"","overlay-type":"","overlay-color":"","overlay-opacity":"","overlay-gradient":""}},"footnotes":""},"class_list":["post-465","page","type-page","status-publish","hentry"],"aioseo_notices":[],"uagb_featured_image_src":{"full":false,"thumbnail":false,"medium":false,"medium_large":false,"large":false,"1536x1536":false,"2048x2048":false},"uagb_author_info":{"display_name":"Dieter Solecki","author_link":"https:\/\/dr-solecki-gmbh.solecki.de\/deutsch\/author\/dieter-solecki\/"},"uagb_comment_info":0,"uagb_excerpt":"Unsere Expertise Strukturiertes Software Engineering f\u00fcr komplexe Industrieprojekte 01. Anforderungsanalyse Wir erfassen, dokumentieren und validieren technische Anforderungen mittels modellbasierter Methoden [&hellip;]","_links":{"self":[{"href":"https:\/\/dr-solecki-gmbh.solecki.de\/deutsch\/wp-json\/wp\/v2\/pages\/465","targetHints":{"allow":["GET"]}}],"collection":[{"href":"https:\/\/dr-solecki-gmbh.solecki.de\/deutsch\/wp-json\/wp\/v2\/pages"}],"about":[{"href":"https:\/\/dr-solecki-gmbh.solecki.de\/deutsch\/wp-json\/wp\/v2\/types\/page"}],"author":[{"embeddable":true,"href":"https:\/\/dr-solecki-gmbh.solecki.de\/deutsch\/wp-json\/wp\/v2\/users\/5"}],"replies":[{"embeddable":true,"href":"https:\/\/dr-solecki-gmbh.solecki.de\/deutsch\/wp-json\/wp\/v2\/comments?post=465"}],"version-history":[{"count":6,"href":"https:\/\/dr-solecki-gmbh.solecki.de\/deutsch\/wp-json\/wp\/v2\/pages\/465\/revisions"}],"predecessor-version":[{"id":652,"href":"https:\/\/dr-solecki-gmbh.solecki.de\/deutsch\/wp-json\/wp\/v2\/pages\/465\/revisions\/652"}],"wp:attachment":[{"href":"https:\/\/dr-solecki-gmbh.solecki.de\/deutsch\/wp-json\/wp\/v2\/media?parent=465"}],"curies":[{"name":"wp","href":"https:\/\/api.w.org\/{rel}","templated":true}]}}