{"id":520,"date":"2025-06-11T17:19:37","date_gmt":"2025-06-11T16:19:37","guid":{"rendered":"https:\/\/dr-solecki-gmbh.solecki.de\/?page_id=482"},"modified":"2025-09-14T15:35:28","modified_gmt":"2025-09-14T14:35:28","slug":"front-page","status":"publish","type":"page","link":"https:\/\/dr-solecki-gmbh.solecki.de\/deutsch\/","title":{"rendered":"\ud83e\uddedStartseite"},"content":{"rendered":"\n<div class=\"wp-block-uagb-container uagb-layout-grid uagb-block-7192e48f alignfull uagb-is-root-container\"><div class=\"uagb-container__shape uagb-container__shape-bottom uagb-container__shape-flip uagb-container__invert\" data-negative=\"false\"><svg xmlns=\"https:\/\/www.w3.org\/2000\/svg\" viewBox=\"0 0 1000 100\" preserveAspectRatio=\"none\"><path class=\"uagb-container__shape-fill\" d=\"M0,6V0h1000v100L0,6z\"><\/path><\/svg><\/div><div class=\"uagb-container-inner-blocks-wrap\">\n<div class=\"wp-block-uagb-info-box uagb-block-e8e33b16 uagb-infobox__content-wrap  uagb-infobox-icon-above-title uagb-infobox-image-valign-top wp-block-uagb-info-box--has-margin\"><div class=\"uagb-infobox-margin-wrapper\"><div class=\"uagb-ifb-content\"><div class=\"uagb-ifb-title-wrap\"><span class=\"uagb-ifb-title-prefix\">Innovative L\u00f6sungen<\/span><h2 class=\"uagb-ifb-title\">Strukturierte Analyse<br>Effiziente Realisierung<br>Intelligente Automatisierung<\/h2><\/div><p class=\"uagb-ifb-desc\">Seit 2002 bietet die Dr. Solecki GmbH strukturierte L\u00f6sungen an, speziell f\u00fcr hochkomplexe Industrieprojekte.<\/p><div class=\"uagb-ifb-button-wrapper wp-block-button\"><a href=\"contact\/\" class=\"uagb-infobox-cta-link wp-block-button__link\" target=\"_self\" rel=\"noopener noreferrer\" onclick=\"return true;\"><span class=\"uagb-inline-editing\">Erste Schritte<\/span><\/a><\/div><\/div><\/div><\/div>\n\n\n\n<div class=\"wp-block-uagb-image aligncenter uagb-block-d18f6f76 wp-block-uagb-image--layout-default wp-block-uagb-image--effect-static wp-block-uagb-image--align-center uag-blocks-common-selector\" style=\"--z-index-desktop:1;;--z-index-tablet:2;;--z-index-mobile:undefined;\"><figure class=\"wp-block-uagb-image__figure\"><img decoding=\"async\" srcset=\"https:\/\/dr-solecki-gmbh.solecki.de\/wp-content\/uploads\/2025\/04\/a-robot-holding-a-flower-8438980.jpeg ,https:\/\/dr-solecki-gmbh.solecki.de\/wp-content\/uploads\/2025\/04\/a-robot-holding-a-flower-8438980.jpeg 780w, https:\/\/dr-solecki-gmbh.solecki.de\/wp-content\/uploads\/2025\/04\/a-robot-holding-a-flower-8438980.jpeg 360w\" sizes=\"auto, (max-width: 480px) 150px\" src=\"https:\/\/dr-solecki-gmbh.solecki.de\/wp-content\/uploads\/2025\/04\/a-robot-holding-a-flower-8438980.jpeg\" alt=\"\" class=\"uag-image-363\" width=\"570\" height=\"700\" title=\"hero\" loading=\"lazy\" role=\"img\"\/><\/figure><\/div>\n<\/div><\/div>\n\n\n\n<div class=\"wp-block-uagb-container uagb-block-df8ee77f alignfull uagb-is-root-container\"><div class=\"uagb-container__shape uagb-container__shape-bottom uagb-container__shape-flip uagb-container__invert\" data-negative=\"false\"><svg xmlns=\"https:\/\/www.w3.org\/2000\/svg\" viewBox=\"0 0 1000 100\" preserveAspectRatio=\"none\"><path class=\"uagb-container__shape-fill\" d=\"M0,6V0h1000v100L0,6z\"><\/path><\/svg><\/div><div class=\"uagb-container-inner-blocks-wrap\">\n<div class=\"wp-block-uagb-advanced-heading uagb-block-da70d213\"><p class=\"uagb-desc-text\">unsere Dienstleistungen<\/p><h2 class=\"uagb-heading-text\">Innovative L\u00f6sungen f\u00fcr komplexe industrielle IT-Projekte<\/h2><\/div>\n\n\n\n<div class=\"wp-block-uagb-container uagb-block-d0e3ffef\">\n<div class=\"wp-block-uagb-container uagb-block-66fe1c83\">\n<div class=\"wp-block-uagb-info-box uagb-block-9fa154fb uagb-infobox__content-wrap  uagb-infobox-icon-above-title uagb-infobox-image-valign-top wp-block-uagb-info-box--has-margin\"><div class=\"uagb-infobox-margin-wrapper\"><div class=\"uagb-ifb-content\"><div class=\"uagb-ifb-title-wrap\"><span class=\"uagb-ifb-title-prefix\">01.<\/span><h3 class=\"uagb-ifb-title\">Anforderungsanalyse<\/h3><\/div><p class=\"uagb-ifb-desc\">Fundierte Methoden zur Definition, Modellierung und Dokumentation von Systemanforderungen f\u00fcr anspruchsvolle Industrieprojekte.<\/p><div class=\"uagb-ifb-button-wrapper wp-block-button\"><a href=\"services\/\" target=\"_self\" onclick=\"return true;\" class=\"uagb-infobox-cta-link\" rel=\"noopener noreferrer\"><span class=\"uagb-inline-editing\">Mehr erfahren<\/span><\/a><\/div><\/div><\/div><\/div>\n<\/div>\n\n\n\n<div class=\"wp-block-uagb-container uagb-block-a31af704\">\n<div class=\"wp-block-uagb-info-box uagb-block-79996f03 uagb-infobox__content-wrap  uagb-infobox-icon-above-title uagb-infobox-image-valign-top wp-block-uagb-info-box--has-margin\"><div class=\"uagb-infobox-margin-wrapper\"><div class=\"uagb-ifb-content\"><div class=\"uagb-ifb-title-wrap\"><span class=\"uagb-ifb-title-prefix\">02.<\/span><h3 class=\"uagb-ifb-title\">Softwareentwicklung<\/h3><\/div><p class=\"uagb-ifb-desc\">Technisch fundierte Unterst\u00fctzung bei der Umsetzung \u2013 basierend auf vorhergehender Analyse.<\/p><div class=\"uagb-ifb-button-wrapper wp-block-button\"><a href=\"services\/\" target=\"_self\" onclick=\"return true;\" class=\"uagb-infobox-cta-link\" rel=\"noopener noreferrer\"><span class=\"uagb-inline-editing\">Mehr erfahren<\/span><\/a><\/div><\/div><\/div><\/div>\n<\/div>\n\n\n\n<div class=\"wp-block-uagb-container uagb-block-5755988a\">\n<div class=\"wp-block-uagb-info-box uagb-block-70b23dc1 uagb-infobox__content-wrap  uagb-infobox-icon-above-title uagb-infobox-image-valign-top wp-block-uagb-info-box--has-margin\"><div class=\"uagb-infobox-margin-wrapper\"><div class=\"uagb-ifb-content\"><div class=\"uagb-ifb-title-wrap\"><span class=\"uagb-ifb-title-prefix\">03.<\/span><h3 class=\"uagb-ifb-title\">Automatisierung<\/h3><\/div><p class=\"uagb-ifb-desc\">Skalierbare und effiziente Automatisierung auf allen Ebenen \u2013 von der Entwicklung bis zur Gesch\u00e4ftslogik.<\/p><div class=\"uagb-ifb-button-wrapper wp-block-button\"><a href=\"services\/\" target=\"_self\" onclick=\"return true;\" class=\"uagb-infobox-cta-link\" rel=\"noopener noreferrer\"><span class=\"uagb-inline-editing\">Mehr erfahren<\/span><\/a><\/div><\/div><\/div><\/div>\n<\/div>\n<\/div>\n<\/div><\/div>\n\n\n\n<div class=\"wp-block-uagb-container uagb-block-9dbb18d7 alignfull uagb-is-root-container\"><div class=\"uagb-container-inner-blocks-wrap\">\n<div class=\"wp-block-uagb-container uagb-layout-grid uagb-block-84e20ad5\">\n<div class=\"wp-block-uagb-advanced-heading uagb-block-1fd5f659\"><p class=\"uagb-desc-text\">\u00dcber uns<\/p><h2 class=\"uagb-heading-text\">Entdecken Sie die Vision und Expertise hinter der Dr. Solecki GmbH<\/h2><\/div>\n\n\n\n<div class=\"wp-block-uagb-info-box uagb-block-de5ccef8 uagb-infobox__content-wrap  uagb-infobox-icon-above-title uagb-infobox-image-valign-top\"><div class=\"uagb-ifb-content\"><div class=\"uagb-ifb-title-wrap\"><p class=\"uagb-ifb-title\">Seit 2002 unterst\u00fctzt die Dr. Solecki GmbH Unternehmen bei der Analyse und Strukturierung komplexer IT-Systeme in hochdynamischen industriellen Umgebungen. Unser Fokus liegt auf der <strong>Systemanalyse<\/strong> \u2013 von der pr\u00e4zisen Erfassung technischer Anforderungen bis zur modellgetriebenen Gestaltung skalierbarer IT-Architekturen.<\/p><\/div><p class=\"uagb-ifb-desc\">Wir kombinieren langj\u00e4hrige Erfahrung mit intelligenten Werkzeugen der <strong>generativen K\u00fcnstlichen Intelligenz<\/strong>, um technische Abl\u00e4ufe zu optimieren und digitale Innovation in Branchen wie <strong>Pharma<\/strong>, <strong>Medizintechnik<\/strong> und <strong>Automatisierung<\/strong> zu unterst\u00fctzen.<\/p><div class=\"uagb-ifb-button-wrapper wp-block-button\"><a href=\"about\/\" class=\"uagb-infobox-cta-link wp-block-button__link\" target=\"_self\" rel=\"noopener noreferrer\" onclick=\"return true;\"><span class=\"uagb-inline-editing\">Mehr erfahren<\/span><\/a><\/div><\/div><\/div>\n<\/div>\n\n\n\n<div class=\"wp-block-uagb-image uagb-block-7c9b606a wp-block-uagb-image--layout-default wp-block-uagb-image--effect-static wp-block-uagb-image--align-none\"><figure class=\"wp-block-uagb-image__figure\"><img decoding=\"async\" srcset=\"https:\/\/dr-solecki-gmbh.solecki.de\/wp-content\/uploads\/2025\/04\/female-engineer-with-equipment-3862635.jpeg ,https:\/\/dr-solecki-gmbh.solecki.de\/wp-content\/uploads\/2025\/04\/female-engineer-with-equipment-3862635.jpeg 780w, https:\/\/dr-solecki-gmbh.solecki.de\/wp-content\/uploads\/2025\/04\/female-engineer-with-equipment-3862635.jpeg 360w\" sizes=\"auto, (max-width: 480px) 150px\" src=\"https:\/\/dr-solecki-gmbh.solecki.de\/wp-content\/uploads\/2025\/04\/female-engineer-with-equipment-3862635.jpeg\" alt=\"\" class=\"uag-image-359\" width=\"1200\" height=\"450\" title=\"embark\" loading=\"lazy\" role=\"img\"\/><\/figure><\/div>\n<\/div><\/div>\n\n\n\n<div class=\"wp-block-uagb-container uagb-layout-grid uagb-block-c341c9cf alignfull uagb-is-root-container\"><div class=\"uagb-container__shape uagb-container__shape-top uagb-container__shape-flip\"><svg xmlns=\"https:\/\/www.w3.org\/2000\/svg\" viewBox=\"0 0 1000 100\" preserveAspectRatio=\"none\"><path class=\"uagb-container__shape-fill\" d=\"M0,6V0h1000v100L0,6z\"><\/path><\/svg><\/div><div class=\"uagb-container__shape uagb-container__shape-bottom uagb-container__shape-flip uagb-container__invert\" data-negative=\"false\"><svg xmlns=\"https:\/\/www.w3.org\/2000\/svg\" viewBox=\"0 0 1000 100\" preserveAspectRatio=\"none\"><path class=\"uagb-container__shape-fill\" d=\"M0,6V0h1000v100L0,6z\"><\/path><\/svg><\/div><div class=\"uagb-container-inner-blocks-wrap\">\n<div class=\"wp-block-uagb-advanced-heading uagb-block-fa67f84b\"><h2 class=\"uagb-heading-text\">Transformieren Sie Ihre Softwareentwicklungsprojekte mit uns<\/h2><p class=\"uagb-desc-text\">Arbeiten Sie mit unseren Experten zusammen, um innovative und effiziente L\u00f6sungen zu finden.<\/p><\/div>\n\n\n\n<div class=\"wp-block-uagb-buttons uagb-buttons__outer-wrap uagb-btn__default-btn uagb-btn-tablet__default-btn uagb-btn-mobile__default-btn uagb-block-5e428b74\"><div class=\"uagb-buttons__wrap uagb-buttons-layout-wrap \">\n<div class=\"wp-block-uagb-buttons-child uagb-buttons__outer-wrap uagb-block-f12e5629 wp-block-button\"><div class=\"uagb-button__wrapper\"><a class=\"uagb-buttons-repeater wp-block-button__link\" aria-label=\"\" href=\"contact\/\" rel=\"follow noopener\" target=\"_self\" role=\"button\"><div class=\"uagb-button__link\">Erste Schritte<\/div><\/a><\/div><\/div>\n<\/div><\/div>\n<\/div><\/div>\n\n\n\n<div class=\"wp-block-uagb-container uagb-block-78110078 alignfull uagb-is-root-container\"><div class=\"uagb-container-inner-blocks-wrap\">\n<div class=\"wp-block-uagb-advanced-heading uagb-block-b17f14bc\"><p class=\"uagb-desc-text\">Unsere Arbeit<\/p><h2 class=\"uagb-heading-text\">Referenzen aus vielf\u00e4ltigen Projekten<\/h2><\/div>\n\n\n\n<p class=\"has-medium-font-size\">Grenzkontrolle &#8211; Passauswertung, Gesichtserkennung und Fingerabdruckauswertung &#8211; <strong>Veridos GmbH<\/strong><\/p>\n\n\n\n<p class=\"has-medium-font-size\">Medizintechnik \/ Laborautomatisierung \/ Automatisierte Transportsysteme \/ Robotik &#8211; <strong>Beckman Coulter<\/strong><\/p>\n\n\n\n<p class=\"has-medium-font-size\">Anwendungsframework einer Software f\u00fcr Zahnarztpraxen &#8211; <strong>KaVo<\/strong><\/p>\n\n\n\n<p class=\"has-medium-font-size\">Testautomatisierung im Kontext der Mobilfunktechnik &#8211; <strong>Rohde &amp; Schwarz<\/strong><\/p>\n\n\n\n<p class=\"has-medium-font-size\">Anforderungsanalyse f\u00fcr ein Manufacturing Execution System in der Pharmaindustrie &#8211; <strong>Roche<\/strong><\/p>\n<\/div><\/div>\n\n\n\n<div class=\"wp-block-uagb-container uagb-block-220f47d5 alignfull uagb-is-root-container\"><div class=\"uagb-container__shape uagb-container__shape-top uagb-container__shape-flip\"><svg xmlns=\"https:\/\/www.w3.org\/2000\/svg\" viewBox=\"0 0 1000 100\" preserveAspectRatio=\"none\"><path class=\"uagb-container__shape-fill\" d=\"M0,6V0h1000v100L0,6z\"><\/path><\/svg><\/div><div class=\"uagb-container__shape uagb-container__shape-bottom uagb-container__shape-flip uagb-container__invert\" data-negative=\"false\"><svg xmlns=\"https:\/\/www.w3.org\/2000\/svg\" viewBox=\"0 0 1000 100\" preserveAspectRatio=\"none\"><path class=\"uagb-container__shape-fill\" d=\"M0,6V0h1000v100L0,6z\"><\/path><\/svg><\/div><div class=\"uagb-container-inner-blocks-wrap\">\n<div class=\"wp-block-uagb-container uagb-layout-flex uagb-block-a72c0e07\">\n<div class=\"wp-block-uagb-advanced-heading uagb-block-a1da6dba\"><p class=\"uagb-desc-text\">Warum uns w\u00e4hlen<\/p><h2 class=\"uagb-heading-text\">Einzigartiges Leistungsversprechen<\/h2><\/div>\n\n\n\n<div class=\"wp-block-uagb-container uagb-block-a9250f5f\">\n<div class=\"wp-block-uagb-info-box uagb-block-716c5c98 uagb-infobox__content-wrap  uagb-infobox-icon-above-title uagb-infobox-image-valign-top\"><div class=\"uagb-ifb-content\"><div class=\"uagb-ifb-icon-wrap\"><svg xmlns=\"https:\/\/www.w3.org\/2000\/svg\" viewBox=\"0 0 448 512\"><path d=\"M438.6 105.4C451.1 117.9 451.1 138.1 438.6 150.6L182.6 406.6C170.1 419.1 149.9 419.1 137.4 406.6L9.372 278.6C-3.124 266.1-3.124 245.9 9.372 233.4C21.87 220.9 42.13 220.9 54.63 233.4L159.1 338.7L393.4 105.4C405.9 92.88 426.1 92.88 438.6 105.4H438.6z\"><\/path><\/svg><\/div><div class=\"uagb-ifb-title-wrap\"><p class=\"uagb-ifb-title\">Analyse vor Umsetzung \u2013 Struktur statt Code<\/p><\/div><p class=\"uagb-ifb-desc\">Unser Ansatz beginnt weit vor der Implementierung: Wir schaffen Klarheit \u00fcber technische Anforderungen, strukturieren komplexe Zusammenh\u00e4nge und erm\u00f6glichen fundierte Entscheidungen \u2013 unabh\u00e4ngig von spezifischer Softwareentwicklung.<\/p><\/div><\/div>\n\n\n\n<div class=\"wp-block-uagb-info-box uagb-block-fecf5fb4 uagb-infobox__content-wrap  uagb-infobox-icon-above-title uagb-infobox-image-valign-top\"><div class=\"uagb-ifb-content\"><div class=\"uagb-ifb-icon-wrap\"><svg xmlns=\"https:\/\/www.w3.org\/2000\/svg\" viewBox=\"0 0 448 512\"><path d=\"M438.6 105.4C451.1 117.9 451.1 138.1 438.6 150.6L182.6 406.6C170.1 419.1 149.9 419.1 137.4 406.6L9.372 278.6C-3.124 266.1-3.124 245.9 9.372 233.4C21.87 220.9 42.13 220.9 54.63 233.4L159.1 338.7L393.4 105.4C405.9 92.88 426.1 92.88 438.6 105.4H438.6z\"><\/path><\/svg><\/div><div class=\"uagb-ifb-title-wrap\"><p class=\"uagb-ifb-title\">Fachliche Tiefe trifft methodische Pr\u00e4zision<\/p><\/div><p class=\"uagb-ifb-desc\">Dank unserer Expertise in UML, textuellen Spezifikationstechniken und systematisch dokumentierten Analyseverfahren bringen wir selbst vielschichtige Projekte auf eine nachvollziehbare und belastbare Grundlage \u2013 f\u00fcr Engineering, Regulierung und Management gleicherma\u00dfen.<\/p><\/div><\/div>\n\n\n\n<div class=\"wp-block-uagb-info-box uagb-block-c759b98b uagb-infobox__content-wrap  uagb-infobox-icon-above-title uagb-infobox-image-valign-top\"><div class=\"uagb-ifb-content\"><div class=\"uagb-ifb-icon-wrap\"><svg xmlns=\"https:\/\/www.w3.org\/2000\/svg\" viewBox=\"0 0 448 512\"><path d=\"M438.6 105.4C451.1 117.9 451.1 138.1 438.6 150.6L182.6 406.6C170.1 419.1 149.9 419.1 137.4 406.6L9.372 278.6C-3.124 266.1-3.124 245.9 9.372 233.4C21.87 220.9 42.13 220.9 54.63 233.4L159.1 338.7L393.4 105.4C405.9 92.88 426.1 92.88 438.6 105.4H438.6z\"><\/path><\/svg><\/div><div class=\"uagb-ifb-title-wrap\"><p class=\"uagb-ifb-title\">Entscheidungsreife durch modellgest\u00fctzte Systemanalyse<\/p><\/div><p class=\"uagb-ifb-desc\">Unsere Arbeit f\u00f6rdert Transparenz, verhindert teure Fehlentwicklungen und liefert die Basis f\u00fcr stabile IT-Architekturen. Ob regulatorische Nachweise oder technische Strategie \u2013 wir liefern strukturierte Entscheidungsgrundlagen, kein Bauchgef\u00fchl.<\/p><\/div><\/div>\n<\/div>\n<\/div>\n<\/div><\/div>\n\n\n\n<div class=\"wp-block-uagb-container uagb-block-1b57b157 alignfull uagb-is-root-container\"><div class=\"uagb-container-inner-blocks-wrap\">\n<div class=\"wp-block-uagb-advanced-heading uagb-block-692a02bd\"><p class=\"uagb-desc-text\">Kunden-Feedback<\/p><h2 class=\"uagb-heading-text\">Was unsere Kunden \u00fcber uns sagen<\/h2><\/div>\n\n\n\n<div class=\"wp-block-uagb-container uagb-block-d41716ea\">\n<div class=\"wp-block-uagb-container uagb-block-47642bea\">\n<div class=\"wp-block-uagb-info-box uagb-block-7262fc64 uagb-infobox__content-wrap  uagb-infobox-icon-above-title uagb-infobox-image-valign-top wp-block-uagb-info-box--has-margin\"><div class=\"uagb-infobox-margin-wrapper\"><div class=\"uagb-ifb-content\"><div class=\"uagb-ifb-icon-wrap\"><svg xmlns=\"https:\/\/www.w3.org\/2000\/svg\" viewBox=\"0 0 448 512\"><path d=\"M96 96C42.98 96 0 138.1 0 192s42.98 96 96 96c11.28 0 21.95-2.305 32-5.879V288c0 35.3-28.7 64-64 64c-17.67 0-32 14.33-32 32s14.33 32 32 32c70.58 0 128-57.42 128-128V192C192 138.1 149 96 96 96zM448 192c0-53.02-42.98-96-96-96s-96 42.98-96 96s42.98 96 96 96c11.28 0 21.95-2.305 32-5.879V288c0 35.3-28.7 64-64 64c-17.67 0-32 14.33-32 32s14.33 32 32 32c70.58 0 128-57.42 128-128V192z\"><\/path><\/svg><\/div><div class=\"uagb-ifb-title-wrap\"><p class=\"uagb-ifb-title\">Mit seinem Wissen und seiner Expertise hat Dr. Solecki die Einf\u00fchrung unseres zentralen Laborautomatisierungsprodukts DxA ma\u00dfgeblich unterst\u00fctzt.<\/p><\/div><p class=\"uagb-ifb-desc\">Markus Hebebrand<br>Manager Softwareentwicklung auf Systemebene<br>Beckman Coulter<\/p><\/div><\/div><\/div>\n<\/div>\n<\/div>\n<\/div><\/div>\n\n\n\n<p><font><\/font><\/p>\n\n\n\n<div class=\"wp-block-uagb-container uagb-block-6f82293b alignfull uagb-is-root-container\"><div class=\"uagb-container__shape uagb-container__shape-top uagb-container__shape-flip\"><svg xmlns=\"https:\/\/www.w3.org\/2000\/svg\" viewBox=\"0 0 1000 100\" preserveAspectRatio=\"none\"><path class=\"uagb-container__shape-fill\" d=\"M0,6V0h1000v100L0,6z\"><\/path><\/svg><\/div><div class=\"uagb-container-inner-blocks-wrap\">\n<div class=\"wp-block-uagb-info-box uagb-block-2de13869 uagb-infobox__content-wrap  uagb-infobox-icon-above-title uagb-infobox-image-valign-top wp-block-uagb-info-box--has-margin\"><div class=\"uagb-infobox-margin-wrapper\"><div class=\"uagb-ifb-content\"><div class=\"uagb-ifb-title-wrap\"><span class=\"uagb-ifb-title-prefix\">Beginnen Sie noch Heute<\/span><h2 class=\"uagb-ifb-title\">Entdecken Sie mit uns, wie pr\u00e4zise Analyse und intelligente Prozesse Ihre Projektziele schneller Wirklichkeit werden lassen.<\/h2><\/div><p class=\"uagb-ifb-desc\">Kontaktieren Sie uns, um Ihre Projektanforderungen zu besprechen und zu erfahren, wie unsere Expertise Ihr Gesch\u00e4ft voranbringen kann.<\/p><div class=\"uagb-ifb-button-wrapper wp-block-button\"><a href=\"\/contact\/\" class=\"uagb-infobox-cta-link wp-block-button__link\" target=\"_self\" rel=\"noopener noreferrer\" onclick=\"return true;\"><span class=\"uagb-inline-editing\">Erste Schritte<\/span><\/a><\/div><\/div><\/div><\/div>\n<\/div><\/div>\n","protected":false},"excerpt":{"rendered":"<p>unsere Dienstleistungen Innovative L\u00f6sungen f\u00fcr komplexe industrielle IT-Projekte \u00dcber uns Entdecken Sie die Vision und Expertise hinter der Dr. Solecki [&hellip;]<\/p>\n","protected":false},"author":5,"featured_media":0,"parent":0,"menu_order":0,"comment_status":"closed","ping_status":"closed","template":"","meta":{"_uag_custom_page_level_css":"","site-sidebar-layout":"default","site-content-layout":"","ast-site-content-layout":"default","site-content-style":"default","site-sidebar-style":"default","ast-global-header-display":"","ast-banner-title-visibility":"","ast-main-header-display":"","ast-hfb-above-header-display":"","ast-hfb-below-header-display":"","ast-hfb-mobile-header-display":"","site-post-title":"disabled","ast-breadcrumbs-content":"","ast-featured-img":"","footer-sml-layout":"","ast-disable-related-posts":"","theme-transparent-header-meta":"","adv-header-id-meta":"","stick-header-meta":"","header-above-stick-meta":"","header-main-stick-meta":"","header-below-stick-meta":"","astra-migrate-meta-layouts":"default","ast-page-background-enabled":"default","ast-page-background-meta":{"desktop":{"background-color":"var(--ast-global-color-4)","background-image":"","background-repeat":"repeat","background-position":"center center","background-size":"auto","background-attachment":"scroll","background-type":"","background-media":"","overlay-type":"","overlay-color":"","overlay-opacity":"","overlay-gradient":""},"tablet":{"background-color":"","background-image":"","background-repeat":"repeat","background-position":"center center","background-size":"auto","background-attachment":"scroll","background-type":"","background-media":"","overlay-type":"","overlay-color":"","overlay-opacity":"","overlay-gradient":""},"mobile":{"background-color":"","background-image":"","background-repeat":"repeat","background-position":"center center","background-size":"auto","background-attachment":"scroll","background-type":"","background-media":"","overlay-type":"","overlay-color":"","overlay-opacity":"","overlay-gradient":""}},"ast-content-background-meta":{"desktop":{"background-color":"var(--ast-global-color-5)","background-image":"","background-repeat":"repeat","background-position":"center center","background-size":"auto","background-attachment":"scroll","background-type":"","background-media":"","overlay-type":"","overlay-color":"","overlay-opacity":"","overlay-gradient":""},"tablet":{"background-color":"var(--ast-global-color-5)","background-image":"","background-repeat":"repeat","background-position":"center center","background-size":"auto","background-attachment":"scroll","background-type":"","background-media":"","overlay-type":"","overlay-color":"","overlay-opacity":"","overlay-gradient":""},"mobile":{"background-color":"var(--ast-global-color-5)","background-image":"","background-repeat":"repeat","background-position":"center center","background-size":"auto","background-attachment":"scroll","background-type":"","background-media":"","overlay-type":"","overlay-color":"","overlay-opacity":"","overlay-gradient":""}},"footnotes":""},"class_list":["post-520","page","type-page","status-publish","hentry"],"aioseo_notices":[],"uagb_featured_image_src":{"full":false,"thumbnail":false,"medium":false,"medium_large":false,"large":false,"1536x1536":false,"2048x2048":false},"uagb_author_info":{"display_name":"Dieter Solecki","author_link":"https:\/\/dr-solecki-gmbh.solecki.de\/deutsch\/author\/dieter-solecki\/"},"uagb_comment_info":0,"uagb_excerpt":"unsere Dienstleistungen Innovative L\u00f6sungen f\u00fcr komplexe industrielle IT-Projekte \u00dcber uns Entdecken Sie die Vision und Expertise hinter der Dr. Solecki [&hellip;]","_links":{"self":[{"href":"https:\/\/dr-solecki-gmbh.solecki.de\/deutsch\/wp-json\/wp\/v2\/pages\/520","targetHints":{"allow":["GET"]}}],"collection":[{"href":"https:\/\/dr-solecki-gmbh.solecki.de\/deutsch\/wp-json\/wp\/v2\/pages"}],"about":[{"href":"https:\/\/dr-solecki-gmbh.solecki.de\/deutsch\/wp-json\/wp\/v2\/types\/page"}],"author":[{"embeddable":true,"href":"https:\/\/dr-solecki-gmbh.solecki.de\/deutsch\/wp-json\/wp\/v2\/users\/5"}],"replies":[{"embeddable":true,"href":"https:\/\/dr-solecki-gmbh.solecki.de\/deutsch\/wp-json\/wp\/v2\/comments?post=520"}],"version-history":[{"count":20,"href":"https:\/\/dr-solecki-gmbh.solecki.de\/deutsch\/wp-json\/wp\/v2\/pages\/520\/revisions"}],"predecessor-version":[{"id":657,"href":"https:\/\/dr-solecki-gmbh.solecki.de\/deutsch\/wp-json\/wp\/v2\/pages\/520\/revisions\/657"}],"wp:attachment":[{"href":"https:\/\/dr-solecki-gmbh.solecki.de\/deutsch\/wp-json\/wp\/v2\/media?parent=520"}],"curies":[{"name":"wp","href":"https:\/\/api.w.org\/{rel}","templated":true}]}}